{"id":4,"date":"2016-02-29T12:43:20","date_gmt":"2016-02-29T12:43:20","guid":{"rendered":"http:\/\/catorce.com.uy\/logifor\/?page_id=4"},"modified":"2024-12-20T17:44:24","modified_gmt":"2024-12-20T17:44:24","slug":"contacto","status":"publish","type":"page","link":"https:\/\/logifor.com.uy\/en\/contacto\/","title":{"rendered":"Contact"},"content":{"rendered":"<p><\/p>\n<div class=\"row\">\n<div class=\"medium-6 columns\">\n<div class=\"wpcf7 no-js\" id=\"wpcf7-f81-o2\" lang=\"es-ES\" dir=\"ltr\" data-wpcf7-id=\"81\">\n<div class=\"screen-reader-response\"><p role=\"status\" aria-live=\"polite\" aria-atomic=\"true\"><\/p> <ul><\/ul><\/div>\n<form action=\"\/en\/wp-json\/wp\/v2\/pages\/4#wpcf7-f81-o2\" method=\"post\" class=\"wpcf7-form init\" aria-label=\"Formulario de contacto\" novalidate=\"novalidate\" data-status=\"init\">\n<fieldset class=\"hidden-fields-container\"><input type=\"hidden\" name=\"_wpcf7\" value=\"81\" \/><input type=\"hidden\" name=\"_wpcf7_version\" value=\"6.1.5\" \/><input type=\"hidden\" name=\"_wpcf7_locale\" value=\"es_ES\" \/><input type=\"hidden\" name=\"_wpcf7_unit_tag\" value=\"wpcf7-f81-o2\" \/><input type=\"hidden\" name=\"_wpcf7_container_post\" value=\"0\" \/><input type=\"hidden\" name=\"_wpcf7_posted_data_hash\" value=\"\" \/>\n<\/fieldset>\n<fieldset>\n\t<legend class=\"hide\">Hable con nosotros\n\t<\/legend>\n\t<div class=\"row box collapse\">\n\t\t<div class=\"small-3 columns\">\n\t\t\t<p><label for=\"Nombre\">Name:<\/label>\n\t\t\t<\/p>\n\t\t<\/div>\n\t\t<div class=\"small-9 columns\">\n\t\t\t<p><span class=\"wpcf7-form-control-wrap\" data-name=\"nombre\"><input size=\"40\" maxlength=\"400\" class=\"wpcf7-form-control wpcf7-text wpcf7-validates-as-required\" aria-required=\"true\" aria-invalid=\"false\" value=\"\" type=\"text\" name=\"nombre\" \/><\/span>\n\t\t\t<\/p>\n\t\t<\/div>\n\t<\/div>\n\t<div class=\"row box collapse\">\n\t\t<div class=\"small-3 columns\">\n\t\t\t<p><label for=\"address\">Address:<\/label>\n\t\t\t<\/p>\n\t\t<\/div>\n\t\t<div class=\"small-9 columns\">\n\t\t\t<p><span class=\"wpcf7-form-control-wrap\" data-name=\"address\"><input size=\"40\" maxlength=\"400\" class=\"wpcf7-form-control wpcf7-text wpcf7-validates-as-required\" id=\"address\" aria-required=\"true\" aria-invalid=\"false\" value=\"\" type=\"text\" name=\"address\" \/><\/span>\n\t\t\t<\/p>\n\t\t<\/div>\n\t<\/div>\n\t<div class=\"row box collapse\">\n\t\t<div class=\"small-3 columns\">\n\t\t\t<p><label for=\"email\">Email:<\/label>\n\t\t\t<\/p>\n\t\t<\/div>\n\t\t<div class=\"small-9 columns\">\n\t\t\t<p><span class=\"wpcf7-form-control-wrap\" data-name=\"email\"><input size=\"40\" maxlength=\"400\" class=\"wpcf7-form-control wpcf7-email wpcf7-validates-as-required wpcf7-text wpcf7-validates-as-email\" aria-required=\"true\" aria-invalid=\"false\" value=\"\" type=\"email\" name=\"email\" \/><\/span>\n\t\t\t<\/p>\n\t\t<\/div>\n\t<\/div>\n\t<div class=\"row box collapse\">\n\t\t<div class=\"small-3 columns\">\n\t\t\t<p><label for=\"asunto\">Subject:<\/label>\n\t\t\t<\/p>\n\t\t<\/div>\n\t\t<div class=\"small-9 columns\">\n\t\t\t<p><span class=\"wpcf7-form-control-wrap\" data-name=\"asunto\"><input size=\"40\" maxlength=\"400\" class=\"wpcf7-form-control wpcf7-text wpcf7-validates-as-required\" aria-required=\"true\" aria-invalid=\"false\" value=\"\" type=\"text\" name=\"asunto\" \/><\/span>\n\t\t\t<\/p>\n\t\t<\/div>\n\t<\/div>\n\t<div class=\"row box collapse\">\n\t\t<div class=\"small-3 columns\">\n\t\t\t<p><label for=\"mensaje\">Message:<\/label>\n\t\t\t<\/p>\n\t\t<\/div>\n\t\t<div class=\"small-9 columns\">\n\t\t\t<p><span class=\"wpcf7-form-control-wrap\" data-name=\"mensaje\"><textarea cols=\"40\" rows=\"10\" maxlength=\"2000\" class=\"wpcf7-form-control wpcf7-textarea wpcf7-validates-as-required\" aria-required=\"true\" aria-invalid=\"false\" name=\"mensaje\"><\/textarea><\/span>\n\t\t\t<\/p>\n\t\t<\/div>\n\t<\/div>\n\t<div class=\"row collapse\">\n\t\t<div class=\"small-12 columns\">\n\t\t\t<p><input class=\"wpcf7-form-control wpcf7-submit has-spinner button\" type=\"submit\" value=\"Submit\" \/>\n\t\t\t<\/p>\n\t\t<\/div>\n\t<\/div>\n<\/fieldset><div class=\"wpcf7-response-output\" aria-hidden=\"true\"><\/div>\n<\/form>\n<\/div>\n<\/div>\n<div class=\"medium-6 columns\">\n<h2>Address<\/h2>\n<ul>\n<li>Montevideo &#8211; Alfonso Esp\u00ednola 1703<\/li>\n<li>East: Soca, Ruta 8 km 66 (Empalme Ruta 8 y 9).<\/li>\n<li>West: Ruta 90 de los Charr\u00faas, km 63,5, Pandule, Paysand\u00fa.<\/li>\n<\/ul>\n<div id=\"map_canvas\"><\/div>\n<\/div>\n<\/div>\n<p><\/p>","protected":false},"excerpt":{"rendered":"<p>Address Montevideo &#8211; Alfonso Esp\u00ednola 1703 East: Soca, Ruta 8 km 66 (Empalme Ruta 8 y 9). West: Ruta 90 de los Charr\u00faas, km 63,5, Pandule, Paysand\u00fa.<\/p>\n","protected":false},"author":1,"featured_media":0,"parent":0,"menu_order":0,"comment_status":"closed","ping_status":"closed","template":"page-contacto.php","meta":{"inline_featured_image":false,"footnotes":""},"class_list":["post-4","page","type-page","status-publish","hentry"],"_links":{"self":[{"href":"https:\/\/logifor.com.uy\/en\/wp-json\/wp\/v2\/pages\/4","targetHints":{"allow":["GET"]}}],"collection":[{"href":"https:\/\/logifor.com.uy\/en\/wp-json\/wp\/v2\/pages"}],"about":[{"href":"https:\/\/logifor.com.uy\/en\/wp-json\/wp\/v2\/types\/page"}],"author":[{"embeddable":true,"href":"https:\/\/logifor.com.uy\/en\/wp-json\/wp\/v2\/users\/1"}],"replies":[{"embeddable":true,"href":"https:\/\/logifor.com.uy\/en\/wp-json\/wp\/v2\/comments?post=4"}],"version-history":[{"count":29,"href":"https:\/\/logifor.com.uy\/en\/wp-json\/wp\/v2\/pages\/4\/revisions"}],"predecessor-version":[{"id":256,"href":"https:\/\/logifor.com.uy\/en\/wp-json\/wp\/v2\/pages\/4\/revisions\/256"}],"wp:attachment":[{"href":"https:\/\/logifor.com.uy\/en\/wp-json\/wp\/v2\/media?parent=4"}],"curies":[{"name":"wp","href":"https:\/\/api.w.org\/{rel}","templated":true}]}}